{"id":118,"date":"2024-10-30T08:52:20","date_gmt":"2024-10-30T08:52:20","guid":{"rendered":"http:\/\/2gether.hu\/?page_id=118"},"modified":"2024-11-19T14:40:46","modified_gmt":"2024-11-19T14:40:46","slug":"kapcsolat","status":"publish","type":"page","link":"https:\/\/2gether.hu\/?page_id=118","title":{"rendered":"Kapcsolat"},"content":{"rendered":"\t\t<div data-elementor-type=\"wp-page\" data-elementor-id=\"118\" class=\"elementor elementor-118\">\n\t\t\t\t\t\t<section class=\"elementor-section elementor-top-section elementor-element elementor-element-632476b3 envato-kit-141-top-0 elementor-section-boxed elementor-section-height-default elementor-section-height-default\" data-id=\"632476b3\" data-element_type=\"section\" data-settings=\"{&quot;background_background&quot;:&quot;classic&quot;}\">\n\t\t\t\t\t\t\t<div class=\"elementor-background-overlay\"><\/div>\n\t\t\t\t\t\t\t<div class=\"elementor-container elementor-column-gap-wider\">\n\t\t\t\t\t<div class=\"elementor-column elementor-col-100 elementor-top-column elementor-element elementor-element-61581771\" data-id=\"61581771\" data-element_type=\"column\">\n\t\t\t<div class=\"elementor-widget-wrap elementor-element-populated\">\n\t\t\t\t\t\t<div class=\"elementor-element elementor-element-f918200 elementor-invisible elementor-widget elementor-widget-heading\" data-id=\"f918200\" data-element_type=\"widget\" data-settings=\"{&quot;_animation&quot;:&quot;fadeIn&quot;,&quot;_animation_delay&quot;:150}\" data-widget_type=\"heading.default\">\n\t\t\t\t<div class=\"elementor-widget-container\">\n\t\t\t\t\t<h2 class=\"elementor-heading-title elementor-size-default\">Felmer\u00fcl\u0151 k\u00e9rd\u00e9s eset\u00e9n \u00edrj nek\u00fcnk b\u00e1tran<\/h2>\t\t\t\t<\/div>\n\t\t\t\t<\/div>\n\t\t\t\t<div class=\"elementor-element elementor-element-1c98a789 elementor-widget-divider--view-line elementor-invisible elementor-widget elementor-widget-divider\" data-id=\"1c98a789\" data-element_type=\"widget\" data-settings=\"{&quot;_animation&quot;:&quot;fadeIn&quot;,&quot;_animation_delay&quot;:200}\" data-widget_type=\"divider.default\">\n\t\t\t\t<div class=\"elementor-widget-container\">\n\t\t\t\t\t\t\t<div class=\"elementor-divider\">\n\t\t\t<span class=\"elementor-divider-separator\">\n\t\t\t\t\t\t<\/span>\n\t\t<\/div>\n\t\t\t\t\t\t<\/div>\n\t\t\t\t<\/div>\n\t\t\t\t<div class=\"elementor-element elementor-element-6f78a65 elementor-invisible elementor-widget elementor-widget-text-editor\" data-id=\"6f78a65\" data-element_type=\"widget\" data-settings=\"{&quot;_animation&quot;:&quot;fadeIn&quot;,&quot;_animation_delay&quot;:250}\" data-widget_type=\"text-editor.default\">\n\t\t\t\t<div class=\"elementor-widget-container\">\n\t\t\t\t\t\t\t\t\t<p>A kommunik\u00e1ci\u00f3 minden eg\u00e9szs\u00e9ges kapcsolat alapk\u00f6ve. N\u00e9ha k\u00e9pesek vagyunk bele k\u00e9nyelmesedni a p\u00e1rkapcsolatba vagy a felgyorsult vil\u00e1g miatt cs\u00f6kken a bens\u0151s\u00e9ges besz\u00e9lget\u00e9sek sz\u00e1ma. A 2gether egy olyan besz\u00e9lget\u00e9s kezdem\u00e9nyez\u0151 k\u00e1rtyaj\u00e1t\u00e9k, amely seg\u00edts\u00e9get ny\u00fajt kapcsolat\u00e9p\u00edt\u0151 kommunik\u00e1ci\u00f3 elind\u00edt\u00e1s\u00e1ra vagy seg\u00edt felpezsd\u00edteni egy kapcsolatot.<\/p><p>\u00a0Sok olyan t\u00e9ma van, amelyr\u0151l neh\u00e9z vagy ak\u00e1r kellemetlen lehet besz\u00e9lni. K\u00e9t v\u00e1laszt\u00e1sunk lehet ebben az esetben. Az els\u0151, amely a k\u00f6nnyebb v\u00e1laszt\u00e1s lehet, ha ezeket a t\u00e9m\u00e1kat elker\u00fclj\u00fck. Viszont ezek a besz\u00e9lget\u00e9sek nagyon kellenek az er\u0151s k\u00f6tel\u00e9k kialak\u00edt\u00e1s\u00e1hoz. A m\u00e1sodik v\u00e1laszt\u00e1s, amikor k\u00e9pesek vagyunk t\u00fall\u00e9pni a felsz\u00ednes besz\u00e9lget\u00e9seken, \u00e9s meg tudjuk osztani egym\u00e1ssal a legm\u00e9lyebb \u00e9rz\u00e9seinket, gondolatainkat, akkor egy rendk\u00edv\u00fcl m\u00e9ly kapcsolatot tudunk kialak\u00edtani. A 2gether k\u00e1rtyaj\u00e1t\u00e9k seg\u00edt nektek abban, hogy k\u00f6z\u00f6sen megtervezz\u00e9tek a j\u00f6v\u0151t\u00f6ket, megossz\u00e1tok egym\u00e1ssal m\u00faltb\u00e9li neh\u00e9z \u00e9s boldog pillanataitokat.<\/p><p>Te tudod, hogy a p\u00e1rod hogyan gondolkodik bizonyos dolgokr\u00f3l, mit \u00e9rez bizonyos helyzetekben? A k\u00e1rty\u00e1val m\u00e9g tov\u00e1bb tudj\u00e1tok fejleszteni a p\u00e1rkapcsolati kommunik\u00e1ci\u00f3tokat, valamint megismeritek egym\u00e1s szeretetnyelv\u00e9t. \u00c9s ha m\u00e1r tudj\u00e1tok erre a v\u00e1laszt, akkor k\u00f6nnyeben meg tudj\u00e1tok \u00e9rteni adott helyzetben a p\u00e1rotok reakci\u00f3it, \u00e9rz\u00e9seit.<\/p><p>125 k\u00e9rd\u00e9sen fogtok k\u00f6z\u00f6sen v\u00e9gig menni, ezzel megadva a lehet\u0151s\u00e9get arra, hogy m\u00e9g jobban megny\u00edljatok egym\u00e1s el\u0151tt, m\u00e9g t\u00f6bb mindent megtudjatok egym\u00e1sr\u00f3l.<\/p><p>Minden k\u00e9rd\u00e9sre v\u00e1laszoljatok \u0151szint\u00e9n, hiszen csak \u00edgy fogj\u00e1tok tudni jobban meg\u00e9rteni \u00e9s t\u00e1mogatni egym\u00e1st a k\u00e9s\u0151bbiekben.<\/p><p><strong>\u00a0<\/strong><\/p>\t\t\t\t\t\t\t\t<\/div>\n\t\t\t\t<\/div>\n\t\t\t\t<section class=\"elementor-section elementor-inner-section elementor-element elementor-element-6435eeec elementor-section-boxed elementor-section-height-default elementor-section-height-default\" data-id=\"6435eeec\" data-element_type=\"section\">\n\t\t\t\t\t\t<div class=\"elementor-container elementor-column-gap-no\">\n\t\t\t\t\t<div class=\"elementor-column elementor-col-50 elementor-inner-column elementor-element elementor-element-127dfd5c elementor-invisible\" data-id=\"127dfd5c\" data-element_type=\"column\" data-settings=\"{&quot;animation&quot;:&quot;fadeIn&quot;,&quot;animation_delay&quot;:150}\">\n\t\t\t<div class=\"elementor-widget-wrap elementor-element-populated\">\n\t\t\t\t\t\t<div class=\"elementor-element elementor-element-60e80e22 elementor-widget elementor-widget-heading\" data-id=\"60e80e22\" data-element_type=\"widget\" data-widget_type=\"heading.default\">\n\t\t\t\t<div class=\"elementor-widget-container\">\n\t\t\t\t\t<h2 class=\"elementor-heading-title elementor-size-default\">Email c\u00edm\u00fcnk<\/h2>\t\t\t\t<\/div>\n\t\t\t\t<\/div>\n\t\t\t\t<div class=\"elementor-element elementor-element-7aa53353 elementor-icon-list--layout-traditional elementor-list-item-link-full_width elementor-widget elementor-widget-icon-list\" data-id=\"7aa53353\" data-element_type=\"widget\" data-widget_type=\"icon-list.default\">\n\t\t\t\t<div class=\"elementor-widget-container\">\n\t\t\t\t\t\t\t<ul class=\"elementor-icon-list-items\">\n\t\t\t\t\t\t\t<li class=\"elementor-icon-list-item\">\n\t\t\t\t\t\t\t\t\t\t\t<span class=\"elementor-icon-list-icon\">\n\t\t\t\t\t\t\t<svg aria-hidden=\"true\" class=\"e-font-icon-svg e-far-envelope-open\" viewBox=\"0 0 512 512\" xmlns=\"http:\/\/www.w3.org\/2000\/svg\"><path d=\"M494.586 164.516c-4.697-3.883-111.723-89.95-135.251-108.657C337.231 38.191 299.437 0 256 0c-43.205 0-80.636 37.717-103.335 55.859-24.463 19.45-131.07 105.195-135.15 108.549A48.004 48.004 0 0 0 0 201.485V464c0 26.51 21.49 48 48 48h416c26.51 0 48-21.49 48-48V201.509a48 48 0 0 0-17.414-36.993zM464 458a6 6 0 0 1-6 6H54a6 6 0 0 1-6-6V204.347c0-1.813.816-3.526 2.226-4.665 15.87-12.814 108.793-87.554 132.364-106.293C200.755 78.88 232.398 48 256 48c23.693 0 55.857 31.369 73.41 45.389 23.573 18.741 116.503 93.493 132.366 106.316a5.99 5.99 0 0 1 2.224 4.663V458zm-31.991-187.704c4.249 5.159 3.465 12.795-1.745 16.981-28.975 23.283-59.274 47.597-70.929 56.863C336.636 362.283 299.205 400 256 400c-43.452 0-81.287-38.237-103.335-55.86-11.279-8.967-41.744-33.413-70.927-56.865-5.21-4.187-5.993-11.822-1.745-16.981l15.258-18.528c4.178-5.073 11.657-5.843 16.779-1.726 28.618 23.001 58.566 47.035 70.56 56.571C200.143 320.631 232.307 352 256 352c23.602 0 55.246-30.88 73.41-45.389 11.994-9.535 41.944-33.57 70.563-56.568 5.122-4.116 12.601-3.346 16.778 1.727l15.258 18.526z\"><\/path><\/svg>\t\t\t\t\t\t<\/span>\n\t\t\t\t\t\t\t\t\t\t<span class=\"elementor-icon-list-text\">2getherkartya@gmail.com<\/span>\n\t\t\t\t\t\t\t\t\t<\/li>\n\t\t\t\t\t\t<\/ul>\n\t\t\t\t\t\t<\/div>\n\t\t\t\t<\/div>\n\t\t\t\t\t<\/div>\n\t\t<\/div>\n\t\t\t\t<div class=\"elementor-column elementor-col-50 elementor-inner-column elementor-element elementor-element-442f308e elementor-invisible\" data-id=\"442f308e\" data-element_type=\"column\" data-settings=\"{&quot;animation&quot;:&quot;fadeIn&quot;,&quot;animation_delay&quot;:200}\">\n\t\t\t<div class=\"elementor-widget-wrap elementor-element-populated\">\n\t\t\t\t\t\t<div class=\"elementor-element elementor-element-79f5f49f elementor-widget elementor-widget-heading\" data-id=\"79f5f49f\" data-element_type=\"widget\" data-widget_type=\"heading.default\">\n\t\t\t\t<div class=\"elementor-widget-container\">\n\t\t\t\t\t<h2 class=\"elementor-heading-title elementor-size-default\">Megtal\u00e1lsz minket<\/h2>\t\t\t\t<\/div>\n\t\t\t\t<\/div>\n\t\t\t\t<div class=\"elementor-element elementor-element-524804d9 elementor-icon-list--layout-traditional elementor-list-item-link-full_width elementor-widget elementor-widget-icon-list\" data-id=\"524804d9\" data-element_type=\"widget\" data-widget_type=\"icon-list.default\">\n\t\t\t\t<div class=\"elementor-widget-container\">\n\t\t\t\t\t\t\t<ul class=\"elementor-icon-list-items\">\n\t\t\t\t\t\t\t<li class=\"elementor-icon-list-item\">\n\t\t\t\t\t\t\t\t\t\t\t<a href=\"https:\/\/www.facebook.com\/profile.php?id=100088442951905\">\n\n\t\t\t\t\t\t\t\t\t\t\t\t<span class=\"elementor-icon-list-icon\">\n\t\t\t\t\t\t\t<svg aria-hidden=\"true\" class=\"e-font-icon-svg e-fab-facebook-f\" viewBox=\"0 0 320 512\" xmlns=\"http:\/\/www.w3.org\/2000\/svg\"><path d=\"M279.14 288l14.22-92.66h-88.91v-60.13c0-25.35 12.42-50.06 52.24-50.06h40.42V6.26S260.43 0 225.36 0c-73.22 0-121.08 44.38-121.08 124.72v70.62H22.89V288h81.39v224h100.17V288z\"><\/path><\/svg>\t\t\t\t\t\t<\/span>\n\t\t\t\t\t\t\t\t\t\t<span class=\"elementor-icon-list-text\"><\/span>\n\t\t\t\t\t\t\t\t\t\t\t<\/a>\n\t\t\t\t\t\t\t\t\t<\/li>\n\t\t\t\t\t\t\t\t<li class=\"elementor-icon-list-item\">\n\t\t\t\t\t\t\t\t\t\t\t<span class=\"elementor-icon-list-icon\">\n\t\t\t\t\t\t\t<svg aria-hidden=\"true\" class=\"e-font-icon-svg e-fab-instagram\" viewBox=\"0 0 448 512\" xmlns=\"http:\/\/www.w3.org\/2000\/svg\"><path d=\"M224.1 141c-63.6 0-114.9 51.3-114.9 114.9s51.3 114.9 114.9 114.9S339 319.5 339 255.9 287.7 141 224.1 141zm0 189.6c-41.1 0-74.7-33.5-74.7-74.7s33.5-74.7 74.7-74.7 74.7 33.5 74.7 74.7-33.6 74.7-74.7 74.7zm146.4-194.3c0 14.9-12 26.8-26.8 26.8-14.9 0-26.8-12-26.8-26.8s12-26.8 26.8-26.8 26.8 12 26.8 26.8zm76.1 27.2c-1.7-35.9-9.9-67.7-36.2-93.9-26.2-26.2-58-34.4-93.9-36.2-37-2.1-147.9-2.1-184.9 0-35.8 1.7-67.6 9.9-93.9 36.1s-34.4 58-36.2 93.9c-2.1 37-2.1 147.9 0 184.9 1.7 35.9 9.9 67.7 36.2 93.9s58 34.4 93.9 36.2c37 2.1 147.9 2.1 184.9 0 35.9-1.7 67.7-9.9 93.9-36.2 26.2-26.2 34.4-58 36.2-93.9 2.1-37 2.1-147.8 0-184.8zM398.8 388c-7.8 19.6-22.9 34.7-42.6 42.6-29.5 11.7-99.5 9-132.1 9s-102.7 2.6-132.1-9c-19.6-7.8-34.7-22.9-42.6-42.6-11.7-29.5-9-99.5-9-132.1s-2.6-102.7 9-132.1c7.8-19.6 22.9-34.7 42.6-42.6 29.5-11.7 99.5-9 132.1-9s102.7-2.6 132.1 9c19.6 7.8 34.7 22.9 42.6 42.6 11.7 29.5 9 99.5 9 132.1s2.7 102.7-9 132.1z\"><\/path><\/svg>\t\t\t\t\t\t<\/span>\n\t\t\t\t\t\t\t\t\t\t<span class=\"elementor-icon-list-text\"><\/span>\n\t\t\t\t\t\t\t\t\t<\/li>\n\t\t\t\t\t\t<\/ul>\n\t\t\t\t\t\t<\/div>\n\t\t\t\t<\/div>\n\t\t\t\t\t<\/div>\n\t\t<\/div>\n\t\t\t\t\t<\/div>\n\t\t<\/section>\n\t\t\t\t\t<\/div>\n\t\t<\/div>\n\t\t\t\t\t<\/div>\n\t\t<\/section>\n\t\t\t\t<section class=\"elementor-section elementor-top-section elementor-element elementor-element-14e565b2 elementor-section-boxed elementor-section-height-default elementor-section-height-default\" data-id=\"14e565b2\" data-element_type=\"section\" data-settings=\"{&quot;background_background&quot;:&quot;classic&quot;}\">\n\t\t\t\t\t\t\t<div class=\"elementor-background-overlay\"><\/div>\n\t\t\t\t\t\t\t<div class=\"elementor-container elementor-column-gap-no\">\n\t\t\t\t\t<div class=\"elementor-column elementor-col-100 elementor-top-column elementor-element elementor-element-1200f12f\" data-id=\"1200f12f\" data-element_type=\"column\">\n\t\t\t<div class=\"elementor-widget-wrap elementor-element-populated\">\n\t\t\t\t\t\t<section class=\"elementor-section elementor-inner-section elementor-element elementor-element-1fe1a3c1 elementor-section-boxed elementor-section-height-default elementor-section-height-default\" data-id=\"1fe1a3c1\" data-element_type=\"section\">\n\t\t\t\t\t\t<div class=\"elementor-container elementor-column-gap-no\">\n\t\t\t\t\t<div class=\"elementor-column elementor-col-50 elementor-inner-column elementor-element elementor-element-10983bc6\" data-id=\"10983bc6\" data-element_type=\"column\">\n\t\t\t<div class=\"elementor-widget-wrap elementor-element-populated\">\n\t\t\t\t\t\t<div class=\"elementor-element elementor-element-3344f13b elementor-widget elementor-widget-text-editor\" data-id=\"3344f13b\" data-element_type=\"widget\" data-widget_type=\"text-editor.default\">\n\t\t\t\t<div class=\"elementor-widget-container\">\n\t\t\t\t\t\t\t\t\t<p>K\u00fcldet\u00e9s\u00fcnk, hogy a besz\u00e9lget\u00e9s ind\u00edt\u00f3 k\u00e1rty\u00e1nkkal ak\u00e1r olyan kellemetlen t\u00e9m\u00e1kr\u00f3l is besz\u00e9lgessetek, amit legsz\u00edvesebben elker\u00fcln\u00e9tek, b\u00e1r egy stabil kapcsolathoz elengedhetetlenek.\u00a0 K\u00f6z\u00f6sen tudjon fejl\u0151dni a p\u00e1rkapcsolati kommunik\u00e1ci\u00f3tok, ez\u00e1ltal egy rendk\u00edv\u00fcl m\u00e9ly kapcsolatot teremtve.<\/p><p>B\u00edzunk benne, hogy hasznotokra v\u00e1lik, \u00e9s min\u0151s\u00e9gi id\u0151t t\u00f6lt\u00f6tt\u00f6k ezzel egy\u00fctt<\/p>\t\t\t\t\t\t\t\t<\/div>\n\t\t\t\t<\/div>\n\t\t\t\t\t<\/div>\n\t\t<\/div>\n\t\t\t\t<div class=\"elementor-column elementor-col-50 elementor-inner-column elementor-element elementor-element-72d0eb4f\" data-id=\"72d0eb4f\" data-element_type=\"column\">\n\t\t\t<div class=\"elementor-widget-wrap elementor-element-populated\">\n\t\t\t\t\t\t<div class=\"elementor-element elementor-element-8b9941 elementor-align-right elementor-mobile-align-center elementor-tablet-align-center elementor-widget elementor-widget-button\" data-id=\"8b9941\" data-element_type=\"widget\" data-widget_type=\"button.default\">\n\t\t\t\t<div class=\"elementor-widget-container\">\n\t\t\t\t\t\t\t\t\t<div class=\"elementor-button-wrapper\">\n\t\t\t\t\t<a class=\"elementor-button elementor-button-link elementor-size-lg\" href=\"https:\/\/2gether.hu\/?post_type=product\">\n\t\t\t\t\t\t<span class=\"elementor-button-content-wrapper\">\n\t\t\t\t\t\t\t\t\t<span class=\"elementor-button-text\">Megn\u00e9zem<\/span>\n\t\t\t\t\t<\/span>\n\t\t\t\t\t<\/a>\n\t\t\t\t<\/div>\n\t\t\t\t\t\t\t\t<\/div>\n\t\t\t\t<\/div>\n\t\t\t\t\t<\/div>\n\t\t<\/div>\n\t\t\t\t\t<\/div>\n\t\t<\/section>\n\t\t\t\t\t<\/div>\n\t\t<\/div>\n\t\t\t\t\t<\/div>\n\t\t<\/section>\n\t\t\t\t<\/div>\n\t\t","protected":false},"excerpt":{"rendered":"<p>Felmer\u00fcl\u0151 k\u00e9rd\u00e9s eset\u00e9n \u00edrj nek\u00fcnk b\u00e1tran A kommunik\u00e1ci\u00f3 minden eg\u00e9szs\u00e9ges kapcsolat alapk\u00f6ve. N\u00e9ha k\u00e9pesek vagyunk bele k\u00e9nyelmesedni a p\u00e1rkapcsolatba vagy a felgyorsult vil\u00e1g miatt cs\u00f6kken a bens\u0151s\u00e9ges besz\u00e9lget\u00e9sek sz\u00e1ma. A 2gether egy olyan besz\u00e9lget\u00e9s kezdem\u00e9nyez\u0151 k\u00e1rtyaj\u00e1t\u00e9k, amely seg\u00edts\u00e9get ny\u00fajt kapcsolat\u00e9p\u00edt\u0151 kommunik\u00e1ci\u00f3 elind\u00edt\u00e1s\u00e1ra vagy seg\u00edt felpezsd\u00edteni egy kapcsolatot. \u00a0Sok olyan t\u00e9ma van, amelyr\u0151l neh\u00e9z vagy ak\u00e1r [&hellip;]<\/p>\n","protected":false},"author":1,"featured_media":0,"parent":0,"menu_order":0,"comment_status":"closed","ping_status":"closed","template":"elementor_header_footer","meta":{"footnotes":""},"class_list":["post-118","page","type-page","status-publish","hentry"],"yoast_head":"<!-- This site is optimized with the Yoast SEO plugin v26.0 - https:\/\/yoast.com\/wordpress\/plugins\/seo\/ -->\n<title>Kapcsolat -<\/title>\n<meta name=\"robots\" content=\"index, follow, max-snippet:-1, max-image-preview:large, max-video-preview:-1\" \/>\n<link rel=\"canonical\" href=\"https:\/\/2gether.hu\/?page_id=118\" \/>\n<meta property=\"og:locale\" content=\"hu_HU\" \/>\n<meta property=\"og:type\" content=\"article\" \/>\n<meta property=\"og:title\" content=\"Kapcsolat -\" \/>\n<meta property=\"og:description\" content=\"Felmer\u00fcl\u0151 k\u00e9rd\u00e9s eset\u00e9n \u00edrj nek\u00fcnk b\u00e1tran A kommunik\u00e1ci\u00f3 minden eg\u00e9szs\u00e9ges kapcsolat alapk\u00f6ve. N\u00e9ha k\u00e9pesek vagyunk bele k\u00e9nyelmesedni a p\u00e1rkapcsolatba vagy a felgyorsult vil\u00e1g miatt cs\u00f6kken a bens\u0151s\u00e9ges besz\u00e9lget\u00e9sek sz\u00e1ma. A 2gether egy olyan besz\u00e9lget\u00e9s kezdem\u00e9nyez\u0151 k\u00e1rtyaj\u00e1t\u00e9k, amely seg\u00edts\u00e9get ny\u00fajt kapcsolat\u00e9p\u00edt\u0151 kommunik\u00e1ci\u00f3 elind\u00edt\u00e1s\u00e1ra vagy seg\u00edt felpezsd\u00edteni egy kapcsolatot. \u00a0Sok olyan t\u00e9ma van, amelyr\u0151l neh\u00e9z vagy ak\u00e1r [&hellip;]\" \/>\n<meta property=\"og:url\" content=\"https:\/\/2gether.hu\/?page_id=118\" \/>\n<meta property=\"article:publisher\" content=\"https:\/\/www.facebook.com\/profile.php?id=100088442951905\" \/>\n<meta property=\"article:modified_time\" content=\"2024-11-19T14:40:46+00:00\" \/>\n<meta name=\"twitter:card\" content=\"summary_large_image\" \/>\n<meta name=\"twitter:label1\" content=\"Becs\u00fclt olvas\u00e1si id\u0151\" \/>\n\t<meta name=\"twitter:data1\" content=\"2 perc\" \/>\n<script type=\"application\/ld+json\" class=\"yoast-schema-graph\">{\"@context\":\"https:\/\/schema.org\",\"@graph\":[{\"@type\":\"WebPage\",\"@id\":\"https:\/\/2gether.hu\/?page_id=118\",\"url\":\"https:\/\/2gether.hu\/?page_id=118\",\"name\":\"Kapcsolat -\",\"isPartOf\":{\"@id\":\"https:\/\/2gether.hu\/#website\"},\"datePublished\":\"2024-10-30T08:52:20+00:00\",\"dateModified\":\"2024-11-19T14:40:46+00:00\",\"breadcrumb\":{\"@id\":\"https:\/\/2gether.hu\/?page_id=118#breadcrumb\"},\"inLanguage\":\"hu\",\"potentialAction\":[{\"@type\":\"ReadAction\",\"target\":[\"https:\/\/2gether.hu\/?page_id=118\"]}]},{\"@type\":\"BreadcrumbList\",\"@id\":\"https:\/\/2gether.hu\/?page_id=118#breadcrumb\",\"itemListElement\":[{\"@type\":\"ListItem\",\"position\":1,\"name\":\"Kezd\u0151lap\",\"item\":\"https:\/\/2gether.hu\/\"},{\"@type\":\"ListItem\",\"position\":2,\"name\":\"Kapcsolat\"}]},{\"@type\":\"WebSite\",\"@id\":\"https:\/\/2gether.hu\/#website\",\"url\":\"https:\/\/2gether.hu\/\",\"name\":\"2gether.hu\",\"description\":\"\",\"publisher\":{\"@id\":\"https:\/\/2gether.hu\/#organization\"},\"potentialAction\":[{\"@type\":\"SearchAction\",\"target\":{\"@type\":\"EntryPoint\",\"urlTemplate\":\"https:\/\/2gether.hu\/?s={search_term_string}\"},\"query-input\":{\"@type\":\"PropertyValueSpecification\",\"valueRequired\":true,\"valueName\":\"search_term_string\"}}],\"inLanguage\":\"hu\"},{\"@type\":\"Organization\",\"@id\":\"https:\/\/2gether.hu\/#organization\",\"name\":\"2Gether\",\"url\":\"https:\/\/2gether.hu\/\",\"logo\":{\"@type\":\"ImageObject\",\"inLanguage\":\"hu\",\"@id\":\"https:\/\/2gether.hu\/#\/schema\/logo\/image\/\",\"url\":\"http:\/\/2gether.hu\/wp-content\/uploads\/2024\/10\/cropped-Original-Logo.png\",\"contentUrl\":\"http:\/\/2gether.hu\/wp-content\/uploads\/2024\/10\/cropped-Original-Logo.png\",\"width\":512,\"height\":512,\"caption\":\"2Gether\"},\"image\":{\"@id\":\"https:\/\/2gether.hu\/#\/schema\/logo\/image\/\"},\"sameAs\":[\"https:\/\/www.facebook.com\/profile.php?id=100088442951905\"]}]}<\/script>\n<!-- \/ Yoast SEO plugin. -->","yoast_head_json":{"title":"Kapcsolat -","robots":{"index":"index","follow":"follow","max-snippet":"max-snippet:-1","max-image-preview":"max-image-preview:large","max-video-preview":"max-video-preview:-1"},"canonical":"https:\/\/2gether.hu\/?page_id=118","og_locale":"hu_HU","og_type":"article","og_title":"Kapcsolat -","og_description":"Felmer\u00fcl\u0151 k\u00e9rd\u00e9s eset\u00e9n \u00edrj nek\u00fcnk b\u00e1tran A kommunik\u00e1ci\u00f3 minden eg\u00e9szs\u00e9ges kapcsolat alapk\u00f6ve. N\u00e9ha k\u00e9pesek vagyunk bele k\u00e9nyelmesedni a p\u00e1rkapcsolatba vagy a felgyorsult vil\u00e1g miatt cs\u00f6kken a bens\u0151s\u00e9ges besz\u00e9lget\u00e9sek sz\u00e1ma. A 2gether egy olyan besz\u00e9lget\u00e9s kezdem\u00e9nyez\u0151 k\u00e1rtyaj\u00e1t\u00e9k, amely seg\u00edts\u00e9get ny\u00fajt kapcsolat\u00e9p\u00edt\u0151 kommunik\u00e1ci\u00f3 elind\u00edt\u00e1s\u00e1ra vagy seg\u00edt felpezsd\u00edteni egy kapcsolatot. \u00a0Sok olyan t\u00e9ma van, amelyr\u0151l neh\u00e9z vagy ak\u00e1r [&hellip;]","og_url":"https:\/\/2gether.hu\/?page_id=118","article_publisher":"https:\/\/www.facebook.com\/profile.php?id=100088442951905","article_modified_time":"2024-11-19T14:40:46+00:00","twitter_card":"summary_large_image","twitter_misc":{"Becs\u00fclt olvas\u00e1si id\u0151":"2 perc"},"schema":{"@context":"https:\/\/schema.org","@graph":[{"@type":"WebPage","@id":"https:\/\/2gether.hu\/?page_id=118","url":"https:\/\/2gether.hu\/?page_id=118","name":"Kapcsolat -","isPartOf":{"@id":"https:\/\/2gether.hu\/#website"},"datePublished":"2024-10-30T08:52:20+00:00","dateModified":"2024-11-19T14:40:46+00:00","breadcrumb":{"@id":"https:\/\/2gether.hu\/?page_id=118#breadcrumb"},"inLanguage":"hu","potentialAction":[{"@type":"ReadAction","target":["https:\/\/2gether.hu\/?page_id=118"]}]},{"@type":"BreadcrumbList","@id":"https:\/\/2gether.hu\/?page_id=118#breadcrumb","itemListElement":[{"@type":"ListItem","position":1,"name":"Kezd\u0151lap","item":"https:\/\/2gether.hu\/"},{"@type":"ListItem","position":2,"name":"Kapcsolat"}]},{"@type":"WebSite","@id":"https:\/\/2gether.hu\/#website","url":"https:\/\/2gether.hu\/","name":"2gether.hu","description":"","publisher":{"@id":"https:\/\/2gether.hu\/#organization"},"potentialAction":[{"@type":"SearchAction","target":{"@type":"EntryPoint","urlTemplate":"https:\/\/2gether.hu\/?s={search_term_string}"},"query-input":{"@type":"PropertyValueSpecification","valueRequired":true,"valueName":"search_term_string"}}],"inLanguage":"hu"},{"@type":"Organization","@id":"https:\/\/2gether.hu\/#organization","name":"2Gether","url":"https:\/\/2gether.hu\/","logo":{"@type":"ImageObject","inLanguage":"hu","@id":"https:\/\/2gether.hu\/#\/schema\/logo\/image\/","url":"http:\/\/2gether.hu\/wp-content\/uploads\/2024\/10\/cropped-Original-Logo.png","contentUrl":"http:\/\/2gether.hu\/wp-content\/uploads\/2024\/10\/cropped-Original-Logo.png","width":512,"height":512,"caption":"2Gether"},"image":{"@id":"https:\/\/2gether.hu\/#\/schema\/logo\/image\/"},"sameAs":["https:\/\/www.facebook.com\/profile.php?id=100088442951905"]}]}},"jetpack_sharing_enabled":true,"_links":{"self":[{"href":"https:\/\/2gether.hu\/index.php?rest_route=\/wp\/v2\/pages\/118","targetHints":{"allow":["GET"]}}],"collection":[{"href":"https:\/\/2gether.hu\/index.php?rest_route=\/wp\/v2\/pages"}],"about":[{"href":"https:\/\/2gether.hu\/index.php?rest_route=\/wp\/v2\/types\/page"}],"author":[{"embeddable":true,"href":"https:\/\/2gether.hu\/index.php?rest_route=\/wp\/v2\/users\/1"}],"replies":[{"embeddable":true,"href":"https:\/\/2gether.hu\/index.php?rest_route=%2Fwp%2Fv2%2Fcomments&post=118"}],"version-history":[{"count":57,"href":"https:\/\/2gether.hu\/index.php?rest_route=\/wp\/v2\/pages\/118\/revisions"}],"predecessor-version":[{"id":1327,"href":"https:\/\/2gether.hu\/index.php?rest_route=\/wp\/v2\/pages\/118\/revisions\/1327"}],"wp:attachment":[{"href":"https:\/\/2gether.hu\/index.php?rest_route=%2Fwp%2Fv2%2Fmedia&parent=118"}],"curies":[{"name":"wp","href":"https:\/\/api.w.org\/{rel}","templated":true}]}}